{"id":20524,"date":"2025-11-05T11:33:46","date_gmt":"2025-11-05T09:33:46","guid":{"rendered":"https:\/\/ugdymasirauklejimas.lt\/home\/?page_id=20524"},"modified":"2025-11-05T11:33:47","modified_gmt":"2025-11-05T09:33:47","slug":"privatumo-politika","status":"publish","type":"page","link":"https:\/\/ugdymasirauklejimas.lt\/home\/privatumo-politika\/","title":{"rendered":"PRIVATUMO POLITIKA"},"content":{"rendered":"\n<p>\u0160is tinklara\u0161tis renka ir saugo j\u016bs\u0173 pateikt\u0105 informacij\u0105 (pvz., el. pa\u0161to adres\u0105), kai u\u017esiprenumeruojate naujienlai\u0161k\u012f.<br>J\u016bs\u0173 duomenys naudojami tik naujienlai\u0161ki\u0173 siuntimui apie ugdym\u0105 \u0161eimoje, k\u016brybines id\u0117jas ir asmeninio augimo temas.<\/p>\n\n\n\n<p><br>Duomenys nebus perduodami tretiesiems asmenims.<\/p>\n\n\n\n<p><br>Galite bet kada atsisakyti prenumeratos paspausdami nuorod\u0105 lai\u0161ko apa\u010dioje arba para\u0161\u0119 mums el. pa\u0161tu.<\/p>\n\n\n\n<p><br><em><strong>Daugiau informacijos:<\/strong> info@ugdymasirauklejimas.lt<\/em><\/p>\n","protected":false},"excerpt":{"rendered":"<p>\u0160is tinklara\u0161tis renka ir saugo j\u016bs\u0173 pateikt\u0105 informacij\u0105 (pvz., el. pa\u0161to adres\u0105), kai u\u017esiprenumeruojate naujienlai\u0161k\u012f.J\u016bs\u0173 duomenys naudojami tik naujienlai\u0161ki\u0173 siuntimui apie ugdym\u0105 \u0161eimoje, k\u016brybines id\u0117jas ir asmeninio augimo temas. Duomenys nebus perduodami tretiesiems asmenims. Galite bet kada atsisakyti prenumeratos paspausdami nuorod\u0105 lai\u0161ko apa\u010dioje arba para\u0161\u0119 mums el. pa\u0161tu. Daugiau informacijos: info@ugdymasirauklejimas.lt<\/p>\n","protected":false},"author":1,"featured_media":0,"parent":0,"menu_order":0,"comment_status":"closed","ping_status":"closed","template":"","meta":{"_uag_custom_page_level_css":"","site-sidebar-layout":"default","site-content-layout":"","ast-site-content-layout":"default","site-content-style":"default","site-sidebar-style":"default","ast-global-header-display":"","ast-banner-title-visibility":"","ast-main-header-display":"","ast-hfb-above-header-display":"","ast-hfb-below-header-display":"","ast-hfb-mobile-header-display":"","site-post-title":"","ast-breadcrumbs-content":"","ast-featured-img":"","footer-sml-layout":"","ast-disable-related-posts":"","theme-transparent-header-meta":"","adv-header-id-meta":"","stick-header-meta":"","header-above-stick-meta":"","header-main-stick-meta":"","header-below-stick-meta":"","astra-migrate-meta-layouts":"set","ast-page-background-enabled":"default","ast-page-background-meta":{"desktop":{"background-color":"var(--ast-global-color-4)","background-image":"","background-repeat":"repeat","background-position":"center center","background-size":"auto","background-attachment":"scroll","background-type":"","background-media":"","overlay-type":"","overlay-color":"","overlay-opacity":"","overlay-gradient":""},"tablet":{"background-color":"","background-image":"","background-repeat":"repeat","background-position":"center center","background-size":"auto","background-attachment":"scroll","background-type":"","background-media":"","overlay-type":"","overlay-color":"","overlay-opacity":"","overlay-gradient":""},"mobile":{"background-color":"","background-image":"","background-repeat":"repeat","background-position":"center center","background-size":"auto","background-attachment":"scroll","background-type":"","background-media":"","overlay-type":"","overlay-color":"","overlay-opacity":"","overlay-gradient":""}},"ast-content-background-meta":{"desktop":{"background-color":"var(--ast-global-color-5)","background-image":"","background-repeat":"repeat","background-position":"center center","background-size":"auto","background-attachment":"scroll","background-type":"","background-media":"","overlay-type":"","overlay-color":"","overlay-opacity":"","overlay-gradient":""},"tablet":{"background-color":"var(--ast-global-color-5)","background-image":"","background-repeat":"repeat","background-position":"center center","background-size":"auto","background-attachment":"scroll","background-type":"","background-media":"","overlay-type":"","overlay-color":"","overlay-opacity":"","overlay-gradient":""},"mobile":{"background-color":"var(--ast-global-color-5)","background-image":"","background-repeat":"repeat","background-position":"center center","background-size":"auto","background-attachment":"scroll","background-type":"","background-media":"","overlay-type":"","overlay-color":"","overlay-opacity":"","overlay-gradient":""}},"footnotes":""},"class_list":["post-20524","page","type-page","status-publish","hentry"],"uagb_featured_image_src":{"full":false,"thumbnail":false,"medium":false,"medium_large":false,"large":false,"1536x1536":false,"2048x2048":false},"uagb_author_info":{"display_name":"iMami","author_link":"https:\/\/ugdymasirauklejimas.lt\/home\/author\/roberta-rumbutienegmail-com\/"},"uagb_comment_info":0,"uagb_excerpt":"\u0160is tinklara\u0161tis renka ir saugo j\u016bs\u0173 pateikt\u0105 informacij\u0105 (pvz., el. pa\u0161to adres\u0105), kai u\u017esiprenumeruojate naujienlai\u0161k\u012f.J\u016bs\u0173 duomenys naudojami tik naujienlai\u0161ki\u0173 siuntimui apie ugdym\u0105 \u0161eimoje, k\u016brybines id\u0117jas ir asmeninio augimo temas. Duomenys nebus perduodami tretiesiems asmenims. Galite bet kada atsisakyti prenumeratos paspausdami nuorod\u0105 lai\u0161ko apa\u010dioje arba para\u0161\u0119 mums el. pa\u0161tu. Daugiau informacijos: info@ugdymasirauklejimas.lt","_links":{"self":[{"href":"https:\/\/ugdymasirauklejimas.lt\/home\/wp-json\/wp\/v2\/pages\/20524","targetHints":{"allow":["GET"]}}],"collection":[{"href":"https:\/\/ugdymasirauklejimas.lt\/home\/wp-json\/wp\/v2\/pages"}],"about":[{"href":"https:\/\/ugdymasirauklejimas.lt\/home\/wp-json\/wp\/v2\/types\/page"}],"author":[{"embeddable":true,"href":"https:\/\/ugdymasirauklejimas.lt\/home\/wp-json\/wp\/v2\/users\/1"}],"replies":[{"embeddable":true,"href":"https:\/\/ugdymasirauklejimas.lt\/home\/wp-json\/wp\/v2\/comments?post=20524"}],"version-history":[{"count":1,"href":"https:\/\/ugdymasirauklejimas.lt\/home\/wp-json\/wp\/v2\/pages\/20524\/revisions"}],"predecessor-version":[{"id":20525,"href":"https:\/\/ugdymasirauklejimas.lt\/home\/wp-json\/wp\/v2\/pages\/20524\/revisions\/20525"}],"wp:attachment":[{"href":"https:\/\/ugdymasirauklejimas.lt\/home\/wp-json\/wp\/v2\/media?parent=20524"}],"curies":[{"name":"wp","href":"https:\/\/api.w.org\/{rel}","templated":true}]}}