{"id":20526,"date":"2025-11-05T12:24:17","date_gmt":"2025-11-05T10:24:17","guid":{"rendered":"https:\/\/ugdymasirauklejimas.lt\/home\/?page_id=20526"},"modified":"2025-11-05T12:24:17","modified_gmt":"2025-11-05T10:24:17","slug":"aciu-kad-prisijungei-%f0%9f%96%a4","status":"publish","type":"page","link":"https:\/\/ugdymasirauklejimas.lt\/home\/aciu-kad-prisijungei-%f0%9f%96%a4\/","title":{"rendered":"A\u010di\u016b, kad prisijungei! \ud83d\udda4"},"content":{"rendered":"\n<p>Lai kiekvienas lai\u0161kas tampa ma\u017ey\u010diu sustojimu \u2013 \u012fkv\u0117pti, pasisemti id\u0117j\u0173 ir prisiminti, kad augdami kartu su vaikais, augame ir mes patys.<\/p>\n\n\n\n<figure class=\"wp-block-image size-full\"><img fetchpriority=\"high\" decoding=\"async\" width=\"1024\" height=\"512\" src=\"https:\/\/ugdymasirauklejimas.lt\/wp-content\/uploads\/2025\/07\/378ebcef-6818-4ee1-aece-0e96a54e544b.jpg\" alt=\"\" class=\"wp-image-20148\" srcset=\"https:\/\/ugdymasirauklejimas.lt\/wp-content\/uploads\/2025\/07\/378ebcef-6818-4ee1-aece-0e96a54e544b.jpg 1024w, https:\/\/ugdymasirauklejimas.lt\/wp-content\/uploads\/2025\/07\/378ebcef-6818-4ee1-aece-0e96a54e544b-800x400.jpg 800w, https:\/\/ugdymasirauklejimas.lt\/wp-content\/uploads\/2025\/07\/378ebcef-6818-4ee1-aece-0e96a54e544b-768x384.jpg 768w\" sizes=\"(max-width: 1024px) 100vw, 1024px\" \/><\/figure>\n","protected":false},"excerpt":{"rendered":"<p>Lai kiekvienas lai\u0161kas tampa ma\u017ey\u010diu sustojimu \u2013 \u012fkv\u0117pti, pasisemti id\u0117j\u0173 ir prisiminti, kad augdami kartu su vaikais, augame ir mes patys.<\/p>\n","protected":false},"author":1,"featured_media":0,"parent":0,"menu_order":0,"comment_status":"closed","ping_status":"closed","template":"","meta":{"_uag_custom_page_level_css":"","site-sidebar-layout":"default","site-content-layout":"","ast-site-content-layout":"default","site-content-style":"default","site-sidebar-style":"default","ast-global-header-display":"","ast-banner-title-visibility":"","ast-main-header-display":"","ast-hfb-above-header-display":"","ast-hfb-below-header-display":"","ast-hfb-mobile-header-display":"","site-post-title":"","ast-breadcrumbs-content":"","ast-featured-img":"","footer-sml-layout":"","ast-disable-related-posts":"","theme-transparent-header-meta":"","adv-header-id-meta":"","stick-header-meta":"","header-above-stick-meta":"","header-main-stick-meta":"","header-below-stick-meta":"","astra-migrate-meta-layouts":"set","ast-page-background-enabled":"default","ast-page-background-meta":{"desktop":{"background-color":"var(--ast-global-color-4)","background-image":"","background-repeat":"repeat","background-position":"center center","background-size":"auto","background-attachment":"scroll","background-type":"","background-media":"","overlay-type":"","overlay-color":"","overlay-opacity":"","overlay-gradient":""},"tablet":{"background-color":"","background-image":"","background-repeat":"repeat","background-position":"center center","background-size":"auto","background-attachment":"scroll","background-type":"","background-media":"","overlay-type":"","overlay-color":"","overlay-opacity":"","overlay-gradient":""},"mobile":{"background-color":"","background-image":"","background-repeat":"repeat","background-position":"center center","background-size":"auto","background-attachment":"scroll","background-type":"","background-media":"","overlay-type":"","overlay-color":"","overlay-opacity":"","overlay-gradient":""}},"ast-content-background-meta":{"desktop":{"background-color":"var(--ast-global-color-5)","background-image":"","background-repeat":"repeat","background-position":"center center","background-size":"auto","background-attachment":"scroll","background-type":"","background-media":"","overlay-type":"","overlay-color":"","overlay-opacity":"","overlay-gradient":""},"tablet":{"background-color":"var(--ast-global-color-5)","background-image":"","background-repeat":"repeat","background-position":"center center","background-size":"auto","background-attachment":"scroll","background-type":"","background-media":"","overlay-type":"","overlay-color":"","overlay-opacity":"","overlay-gradient":""},"mobile":{"background-color":"var(--ast-global-color-5)","background-image":"","background-repeat":"repeat","background-position":"center center","background-size":"auto","background-attachment":"scroll","background-type":"","background-media":"","overlay-type":"","overlay-color":"","overlay-opacity":"","overlay-gradient":""}},"footnotes":""},"class_list":["post-20526","page","type-page","status-publish","hentry"],"uagb_featured_image_src":{"full":false,"thumbnail":false,"medium":false,"medium_large":false,"large":false,"1536x1536":false,"2048x2048":false},"uagb_author_info":{"display_name":"iMami","author_link":"https:\/\/ugdymasirauklejimas.lt\/home\/author\/roberta-rumbutienegmail-com\/"},"uagb_comment_info":0,"uagb_excerpt":"Lai kiekvienas lai\u0161kas tampa ma\u017ey\u010diu sustojimu \u2013 \u012fkv\u0117pti, pasisemti id\u0117j\u0173 ir prisiminti, kad augdami kartu su vaikais, augame ir mes patys.","_links":{"self":[{"href":"https:\/\/ugdymasirauklejimas.lt\/home\/wp-json\/wp\/v2\/pages\/20526","targetHints":{"allow":["GET"]}}],"collection":[{"href":"https:\/\/ugdymasirauklejimas.lt\/home\/wp-json\/wp\/v2\/pages"}],"about":[{"href":"https:\/\/ugdymasirauklejimas.lt\/home\/wp-json\/wp\/v2\/types\/page"}],"author":[{"embeddable":true,"href":"https:\/\/ugdymasirauklejimas.lt\/home\/wp-json\/wp\/v2\/users\/1"}],"replies":[{"embeddable":true,"href":"https:\/\/ugdymasirauklejimas.lt\/home\/wp-json\/wp\/v2\/comments?post=20526"}],"version-history":[{"count":1,"href":"https:\/\/ugdymasirauklejimas.lt\/home\/wp-json\/wp\/v2\/pages\/20526\/revisions"}],"predecessor-version":[{"id":20527,"href":"https:\/\/ugdymasirauklejimas.lt\/home\/wp-json\/wp\/v2\/pages\/20526\/revisions\/20527"}],"wp:attachment":[{"href":"https:\/\/ugdymasirauklejimas.lt\/home\/wp-json\/wp\/v2\/media?parent=20526"}],"curies":[{"name":"wp","href":"https:\/\/api.w.org\/{rel}","templated":true}]}}